{"id":13,"date":"2023-01-29T19:08:53","date_gmt":"2023-01-29T19:08:53","guid":{"rendered":"https:\/\/johnhus.org\/content\/?page_id=13"},"modified":"2023-02-03T23:12:32","modified_gmt":"2023-02-03T23:12:32","slug":"john-hus-documentary-homepage","status":"publish","type":"page","link":"https:\/\/johnhus.org\/content\/","title":{"rendered":"Home Page"},"content":{"rendered":"<div id=\"pl-13\"  class=\"panel-layout\" ><div id=\"pg-13-0\"  class=\"panel-grid panel-no-style\" ><div id=\"pgc-13-0-0\"  class=\"panel-grid-cell\" ><div id=\"panel-13-0-0-0\" class=\"so-panel widget widget_sow-post-carousel panel-first-child panel-last-child\" data-index=\"0\" ><div\n\t\t\t\n\t\t\tclass=\"so-widget-sow-post-carousel so-widget-sow-post-carousel-base-0471499d4c66-13\"\n\t\t\t\n\t\t>\t<div\n\t\tclass=\"sow-post-carousel-wrapper sow-post-carousel-theme-base\"\n\t\tstyle=\"overflow: hidden; max-width: 100%; min-height: 182px\"\n\t>\n\t\t<div class=\"sow-carousel-title has-title\">\n\t<h3 class=\"widget-title\">Recent Articles<\/h3>\t\t<div class=\"sow-carousel-navigation \">\n\t\t\t\t\t\t<a href=\"#\" class=\"sow-carousel-next\" title=\"Next\" aria-label=\"Next Posts\" role=\"button\"><\/a>\n\t\t\t\t\t\t<a href=\"#\" class=\"sow-carousel-previous\" title=\"Previous\" aria-label=\"Previous Posts\" role=\"button\"><\/a>\n\t\t\t\t\t<\/div>\n\t<\/div>\n\n<div class=\"sow-carousel-container \">\n\t\t<div class=\"sow-carousel-wrapper\"\n\t\tdata-dir=\"ltr\"\n\t\tstyle=\"opacity: 0;\"\n\t\tdata-widget=\"post\" data-fetching=\"false\" data-page=\"1\" data-ajax-url=\"https:\/\/johnhus.org\/content\/wp-admin\/admin-ajax.php?_widgets_nonce=4ce10dbb5c\" data-item_count=\"10\" data-carousel_settings=\"{&quot;loop&quot;:true,&quot;animation&quot;:&quot;Ease&quot;,&quot;animation_speed&quot;:1000,&quot;autoplay&quot;:&quot;on&quot;,&quot;pauseOnHover&quot;:false,&quot;autoplaySpeed&quot;:2000,&quot;item_overflow&quot;:true,&quot;autoplay_continuous_scroll&quot;:false}\" data-responsive=\"{&quot;desktop_slides_to_scroll&quot;:1,&quot;tablet_landscape_breakpoint&quot;:1366,&quot;tablet_landscape_slides_to_scroll&quot;:2,&quot;tablet_portrait_breakpoint&quot;:1025,&quot;tablet_portrait_slides_to_scroll&quot;:2,&quot;mobile_breakpoint&quot;:480,&quot;mobile_slides_to_scroll&quot;:1}\" data-variable_width=\"true\" \t>\n\t\t<div\n\t\t\tclass=\"sow-carousel-items\"\n\t\t\t\t\t>\n\t\t\t\t<div class=\"sow-carousel-item\" tabindex=\"-1\" style=\"float: left;\">\n\t\t<div class=\"sow-carousel-thumbnail\">\n\t\t\t\t\t\t\t<a\n\t\t\t\t\thref=\"https:\/\/johnhus.org\/content\/call-for-submissions\/\"\n\t\t\t\t\t\t\t\t\t\tstyle=\"background-image: url( https:\/\/johnhus.org\/content\/wp-content\/uploads\/2023\/02\/CallSubmissionFEATURE-272x182.jpg )\"\n\t\t\t\t\taria-labelledby=\"sow-carousel-id-246\"\n\t\t\t\t\ttabindex=\"-1\"\n\t\t\t\t>\n\t\t\t\t\t<span class=\"overlay\"><\/span>\n\t\t\t\t<\/a>\n\t\t\t\t\t<\/div>\n\t\t<h3 class=\"sow-carousel-item-title\">\n\t\t\t<a\n\t\t\t\thref=\"https:\/\/johnhus.org\/content\/call-for-submissions\/\"\n\t\t\t\tid=\"sow-carousel-id-246\"\n\t\t\t\t\t\t\t\ttabindex=\"-1\"\n\t\t\t>\n\n\t\t\t\tCall for Submissions\t\t\t<\/a>\n\t\t<\/h3>\n\t<\/div>\n\t\t<div class=\"sow-carousel-item\" tabindex=\"-1\" style=\"float: left;\">\n\t\t<div class=\"sow-carousel-thumbnail\">\n\t\t\t\t\t\t\t<a\n\t\t\t\t\thref=\"https:\/\/johnhus.org\/content\/jan-hus-critical-thinking-and-pluto\/\"\n\t\t\t\t\t\t\t\t\t\tstyle=\"background-image: url( https:\/\/johnhus.org\/content\/wp-content\/uploads\/2023\/01\/Hus-Truth-QuotePluto-272x182.jpg )\"\n\t\t\t\t\taria-labelledby=\"sow-carousel-id-31\"\n\t\t\t\t\ttabindex=\"-1\"\n\t\t\t\t>\n\t\t\t\t\t<span class=\"overlay\"><\/span>\n\t\t\t\t<\/a>\n\t\t\t\t\t<\/div>\n\t\t<h3 class=\"sow-carousel-item-title\">\n\t\t\t<a\n\t\t\t\thref=\"https:\/\/johnhus.org\/content\/jan-hus-critical-thinking-and-pluto\/\"\n\t\t\t\tid=\"sow-carousel-id-31\"\n\t\t\t\t\t\t\t\ttabindex=\"-1\"\n\t\t\t>\n\n\t\t\t\tJan Hus, Critical Thinking, and Pluto\t\t\t<\/a>\n\t\t<\/h3>\n\t<\/div>\n\t\t<div class=\"sow-carousel-item\" tabindex=\"-1\" style=\"float: left;\">\n\t\t<div class=\"sow-carousel-thumbnail\">\n\t\t\t\t\t\t\t<a\n\t\t\t\t\thref=\"https:\/\/johnhus.org\/content\/hus-de-ecclesia\/\"\n\t\t\t\t\t\t\t\t\t\tstyle=\"background-image: url( https:\/\/johnhus.org\/content\/wp-content\/uploads\/2023\/01\/DeEcclesia-FEATURE-272x182.jpg )\"\n\t\t\t\t\taria-labelledby=\"sow-carousel-id-116\"\n\t\t\t\t\ttabindex=\"-1\"\n\t\t\t\t>\n\t\t\t\t\t<span class=\"overlay\"><\/span>\n\t\t\t\t<\/a>\n\t\t\t\t\t<\/div>\n\t\t<h3 class=\"sow-carousel-item-title\">\n\t\t\t<a\n\t\t\t\thref=\"https:\/\/johnhus.org\/content\/hus-de-ecclesia\/\"\n\t\t\t\tid=\"sow-carousel-id-116\"\n\t\t\t\t\t\t\t\ttabindex=\"-1\"\n\t\t\t>\n\n\t\t\t\tHus&#8217; De Ecclesia\t\t\t<\/a>\n\t\t<\/h3>\n\t<\/div>\n\t\t<div class=\"sow-carousel-item\" tabindex=\"-1\" style=\"float: left;\">\n\t\t<div class=\"sow-carousel-thumbnail\">\n\t\t\t\t\t\t\t<a\n\t\t\t\t\thref=\"https:\/\/johnhus.org\/content\/the-four-articles-of-prague\/\"\n\t\t\t\t\t\t\t\t\t\tstyle=\"background-image: url( https:\/\/johnhus.org\/content\/wp-content\/uploads\/2023\/01\/4Articles-FEATURE-272x182.jpg )\"\n\t\t\t\t\taria-labelledby=\"sow-carousel-id-112\"\n\t\t\t\t\ttabindex=\"-1\"\n\t\t\t\t>\n\t\t\t\t\t<span class=\"overlay\"><\/span>\n\t\t\t\t<\/a>\n\t\t\t\t\t<\/div>\n\t\t<h3 class=\"sow-carousel-item-title\">\n\t\t\t<a\n\t\t\t\thref=\"https:\/\/johnhus.org\/content\/the-four-articles-of-prague\/\"\n\t\t\t\tid=\"sow-carousel-id-112\"\n\t\t\t\t\t\t\t\ttabindex=\"-1\"\n\t\t\t>\n\n\t\t\t\tThe Four Articles of Prague\t\t\t<\/a>\n\t\t<\/h3>\n\t<\/div>\n\t\t<div class=\"sow-carousel-item\" tabindex=\"-1\" style=\"float: left;\">\n\t\t<div class=\"sow-carousel-thumbnail\">\n\t\t\t\t\t\t\t<a\n\t\t\t\t\thref=\"https:\/\/johnhus.org\/content\/the-reformation-connection\/\"\n\t\t\t\t\t\t\t\t\t\tstyle=\"background-image: url( https:\/\/johnhus.org\/content\/wp-content\/uploads\/2023\/01\/Reformers-FEATURE-272x182.jpg )\"\n\t\t\t\t\taria-labelledby=\"sow-carousel-id-104\"\n\t\t\t\t\ttabindex=\"-1\"\n\t\t\t\t>\n\t\t\t\t\t<span class=\"overlay\"><\/span>\n\t\t\t\t<\/a>\n\t\t\t\t\t<\/div>\n\t\t<h3 class=\"sow-carousel-item-title\">\n\t\t\t<a\n\t\t\t\thref=\"https:\/\/johnhus.org\/content\/the-reformation-connection\/\"\n\t\t\t\tid=\"sow-carousel-id-104\"\n\t\t\t\t\t\t\t\ttabindex=\"-1\"\n\t\t\t>\n\n\t\t\t\tThe Reformation Connection\t\t\t<\/a>\n\t\t<\/h3>\n\t<\/div>\n\t\t<div class=\"sow-carousel-item\" tabindex=\"-1\" style=\"float: left;\">\n\t\t<div class=\"sow-carousel-thumbnail\">\n\t\t\t\t\t\t\t<a\n\t\t\t\t\thref=\"https:\/\/johnhus.org\/content\/faith-formed-in-love\/\"\n\t\t\t\t\t\t\t\t\t\tstyle=\"background-image: url( https:\/\/johnhus.org\/content\/wp-content\/uploads\/2023\/01\/FaithLove-FEATURE-272x182.jpg )\"\n\t\t\t\t\taria-labelledby=\"sow-carousel-id-102\"\n\t\t\t\t\ttabindex=\"-1\"\n\t\t\t\t>\n\t\t\t\t\t<span class=\"overlay\"><\/span>\n\t\t\t\t<\/a>\n\t\t\t\t\t<\/div>\n\t\t<h3 class=\"sow-carousel-item-title\">\n\t\t\t<a\n\t\t\t\thref=\"https:\/\/johnhus.org\/content\/faith-formed-in-love\/\"\n\t\t\t\tid=\"sow-carousel-id-102\"\n\t\t\t\t\t\t\t\ttabindex=\"-1\"\n\t\t\t>\n\n\t\t\t\tFaith Formed in Love\t\t\t<\/a>\n\t\t<\/h3>\n\t<\/div>\n\t\t<div class=\"sow-carousel-item\" tabindex=\"-1\" style=\"float: left;\">\n\t\t<div class=\"sow-carousel-thumbnail\">\n\t\t\t\t\t\t\t<a\n\t\t\t\t\thref=\"https:\/\/johnhus.org\/content\/a-plethora-of-pontiffs\/\"\n\t\t\t\t\t\t\t\t\t\tstyle=\"background-image: url( https:\/\/johnhus.org\/content\/wp-content\/uploads\/2023\/01\/PlethoraPope-FEATURE-272x182.jpg )\"\n\t\t\t\t\taria-labelledby=\"sow-carousel-id-71\"\n\t\t\t\t\ttabindex=\"-1\"\n\t\t\t\t>\n\t\t\t\t\t<span class=\"overlay\"><\/span>\n\t\t\t\t<\/a>\n\t\t\t\t\t<\/div>\n\t\t<h3 class=\"sow-carousel-item-title\">\n\t\t\t<a\n\t\t\t\thref=\"https:\/\/johnhus.org\/content\/a-plethora-of-pontiffs\/\"\n\t\t\t\tid=\"sow-carousel-id-71\"\n\t\t\t\t\t\t\t\ttabindex=\"-1\"\n\t\t\t>\n\n\t\t\t\tA Plethora of Pontiffs\t\t\t<\/a>\n\t\t<\/h3>\n\t<\/div>\n\t\t<div class=\"sow-carousel-item\" tabindex=\"-1\" style=\"float: left;\">\n\t\t<div class=\"sow-carousel-thumbnail\">\n\t\t\t\t\t\t\t<a\n\t\t\t\t\thref=\"https:\/\/johnhus.org\/content\/pope-francis-commemorates-the-reformer-jan-hus-on-the-600th-anniversary-of-his-death\/\"\n\t\t\t\t\t\t\t\t\t\tstyle=\"background-image: url( https:\/\/johnhus.org\/content\/wp-content\/uploads\/2023\/01\/PopeFrancisWaving-1920-272x182.jpg )\"\n\t\t\t\t\taria-labelledby=\"sow-carousel-id-68\"\n\t\t\t\t\ttabindex=\"-1\"\n\t\t\t\t>\n\t\t\t\t\t<span class=\"overlay\"><\/span>\n\t\t\t\t<\/a>\n\t\t\t\t\t<\/div>\n\t\t<h3 class=\"sow-carousel-item-title\">\n\t\t\t<a\n\t\t\t\thref=\"https:\/\/johnhus.org\/content\/pope-francis-commemorates-the-reformer-jan-hus-on-the-600th-anniversary-of-his-death\/\"\n\t\t\t\tid=\"sow-carousel-id-68\"\n\t\t\t\t\t\t\t\ttabindex=\"-1\"\n\t\t\t>\n\n\t\t\t\tPope Francis commemorates the reformer Jan Hus on the 600th anniversary of his death\t\t\t<\/a>\n\t\t<\/h3>\n\t<\/div>\n\t\t<div class=\"sow-carousel-item\" tabindex=\"-1\" style=\"float: left;\">\n\t\t<div class=\"sow-carousel-thumbnail\">\n\t\t\t\t\t\t\t<a\n\t\t\t\t\thref=\"https:\/\/johnhus.org\/content\/to-build-a-fire\/\"\n\t\t\t\t\t\t\t\t\t\tstyle=\"background-image: url( https:\/\/johnhus.org\/content\/wp-content\/uploads\/2023\/01\/BuildAFire-FEATURE-272x182.jpg )\"\n\t\t\t\t\taria-labelledby=\"sow-carousel-id-65\"\n\t\t\t\t\ttabindex=\"-1\"\n\t\t\t\t>\n\t\t\t\t\t<span class=\"overlay\"><\/span>\n\t\t\t\t<\/a>\n\t\t\t\t\t<\/div>\n\t\t<h3 class=\"sow-carousel-item-title\">\n\t\t\t<a\n\t\t\t\thref=\"https:\/\/johnhus.org\/content\/to-build-a-fire\/\"\n\t\t\t\tid=\"sow-carousel-id-65\"\n\t\t\t\t\t\t\t\ttabindex=\"-1\"\n\t\t\t>\n\n\t\t\t\tTo Build A Fire\t\t\t<\/a>\n\t\t<\/h3>\n\t<\/div>\n\t\t<div class=\"sow-carousel-item\" tabindex=\"-1\" style=\"float: left;\">\n\t\t<div class=\"sow-carousel-thumbnail\">\n\t\t\t\t\t\t\t<a\n\t\t\t\t\thref=\"https:\/\/johnhus.org\/content\/who-was-jan-hus\/\"\n\t\t\t\t\t\t\t\t\t\tstyle=\"background-image: url( https:\/\/johnhus.org\/content\/wp-content\/uploads\/2023\/01\/WhoWasHus-FEATURE-272x182.jpg )\"\n\t\t\t\t\taria-labelledby=\"sow-carousel-id-47\"\n\t\t\t\t\ttabindex=\"-1\"\n\t\t\t\t>\n\t\t\t\t\t<span class=\"overlay\"><\/span>\n\t\t\t\t<\/a>\n\t\t\t\t\t<\/div>\n\t\t<h3 class=\"sow-carousel-item-title\">\n\t\t\t<a\n\t\t\t\thref=\"https:\/\/johnhus.org\/content\/who-was-jan-hus\/\"\n\t\t\t\tid=\"sow-carousel-id-47\"\n\t\t\t\t\t\t\t\ttabindex=\"-1\"\n\t\t\t>\n\n\t\t\t\tWho Was Jan Hus?\t\t\t<\/a>\n\t\t<\/h3>\n\t<\/div>\n\t\t\t<\/div>\n\t\t\t<\/div>\n\n\t<\/div>\n\t\t<input type=\"hidden\" name=\"instance_hash\" value=\"5583268a\"\/>\n\t<\/div>\n<\/div><\/div><\/div><\/div><div id=\"pg-13-1\"  class=\"panel-grid panel-no-style\" ><div id=\"pgc-13-1-0\"  class=\"panel-grid-cell\" ><div id=\"panel-13-1-0-0\" class=\"so-panel widget widget_sow-editor panel-first-child panel-last-child\" data-index=\"1\" ><div\n\t\t\t\n\t\t\tclass=\"so-widget-sow-editor so-widget-sow-editor-base\"\n\t\t\t\n\t\t><h3 class=\"widget-title\">A Neglected Martyr<\/h3>\n<div class=\"siteorigin-widget-tinymce textwidget\">\n\t<p>In recent years, there has been a renewed interest in Jan Hus (or John Hus in English), an early reformer who was martyred for his faith.\u00a0 A century before Martin Luther, Hus called for the radical reform of the Church, preached in the common language, and called for laypeople to receive full communion.\u00a0 He was condemned as an arch-heretic at the Council of Constance and was burned at the stake.\u00a0 The attempt to silence the man sparked a revolution among his followers, and the Hussite Wars changed the face of central Europe - and set the stage for the Lutheran Reformation to be successful.\u00a0 This remarkable and overlooked history will be featured in a new documentary series.<\/p>\n<p style=\"text-align: center;\"><a href=\"https:\/\/johnhus.org\/content\/documentary\/\"><strong>Learn more about the documentary<\/strong><\/a><\/p>\n<p style=\"text-align: center;\"><a href=\"https:\/\/johnhus.org\/content\/articles\/\"><strong>Learn more about Hus, the Hussite Wars, and the Unitas Fratrum<\/strong><\/a><\/p>\n<p>An ambitious documentary, <em><strong>Apostle of Truth<\/strong><\/em>, is nearing completion and will be released later this year.\u00a0\u00a0Award-winning director John Jackman has assembled a wide variety of materials to weave the story of Hus, the Hussite wars, and the enduring impact of the \"First Reformation.\"\u00a0 Extensive interviews with experts provide the framework, but a rich visual tapestry will also be created from ancient documents, paintings, etchings, and drawings.\u00a0 Footage from Prague and the surrounding countryside, excellent stills by Mike Reiss, will be combined with scenes from both current and historic dramatic films.\u00a0 We have licensed dramatic footage from the excellent Czech film, <em><strong>Jan Hus<\/strong><\/em>, produced in 2015 as part of the 600th observance of Hus' martyrdom; plus we have worked with the Czech National Film Archive to include scenes from historic films about the Hussite wars produced in the 1950s and directed by Czech filmmaker Otakar V\u00e1vra.\u00a0 Actual music from the era, including the Hussite War song <em>Kto\u017e Js\u00fa Bo\u017e\u00ed Bojovn\u00edci<\/em> and other Bohemian folk songs will enrich the programs.<\/p>\n<\/div>\n<\/div><\/div><\/div><div id=\"pgc-13-1-1\"  class=\"panel-grid-cell\" ><div id=\"panel-13-1-1-0\" class=\"so-panel widget widget_sow-image panel-first-child panel-last-child\" data-index=\"2\" ><div\n\t\t\t\n\t\t\tclass=\"so-widget-sow-image so-widget-sow-image-default-8b5b6f678277-47\"\n\t\t\t\n\t\t>\n<div class=\"sow-image-container\">\n\t\t\t<a href=\"https:\/\/johnhus.org\/content\/documentary\/\"\n\t\t\t\t\t>\n\t\t\t<img \n\tsrc=\"https:\/\/johnhus.org\/content\/wp-content\/uploads\/2023\/02\/dvdcoverDEMO.jpg\" width=\"348\" height=\"474\" srcset=\"https:\/\/johnhus.org\/content\/wp-content\/uploads\/2023\/02\/dvdcoverDEMO.jpg 348w, https:\/\/johnhus.org\/content\/wp-content\/uploads\/2023\/02\/dvdcoverDEMO-220x300.jpg 220w\" sizes=\"(max-width: 348px) 100vw, 348px\" alt=\"\" \t\tclass=\"so-widget-image\"\/>\n\t\t\t<\/a><\/div>\n\n<\/div><\/div><\/div><\/div><\/div>","protected":false},"excerpt":{"rendered":"<p>In recent years, there has been a renewed interest in Jan Hus (or John Hus in English), an early reformer who was martyred for his faith.\u00a0 A century before Martin Luther, Hus called for the radical reform of the Church, preached in the common language, and called for laypeople to receive full communion.\u00a0 He wasContinue reading &rarr;<\/p>\n","protected":false},"author":1,"featured_media":0,"parent":0,"menu_order":0,"comment_status":"closed","ping_status":"closed","template":"","meta":{"footnotes":""},"class_list":["post-13","page","type-page","status-publish","hentry","no-thumb"],"yoast_head":"<!-- This site is optimized with the Yoast SEO plugin v27.3 - https:\/\/yoast.com\/product\/yoast-seo-wordpress\/ -->\n<title>Home Page - John Hus<\/title>\n<meta name=\"description\" content=\"Learn about John Hus, the early reformer who became a martyr for his faith. Informative articles and documentary\" \/>\n<meta name=\"robots\" content=\"index, follow, max-snippet:-1, max-image-preview:large, max-video-preview:-1\" \/>\n<link rel=\"canonical\" href=\"https:\/\/johnhus.org\/content\/\" \/>\n<meta property=\"og:locale\" content=\"en_US\" \/>\n<meta property=\"og:type\" content=\"article\" \/>\n<meta property=\"og:title\" content=\"John Hus - Apostle of Truth\" \/>\n<meta property=\"og:description\" content=\"Articles and documentary about early Czech reformer John Hus, who was burned at the stake in 1415 for his faith and dedication to the truth.\" \/>\n<meta property=\"og:url\" content=\"https:\/\/johnhus.org\/content\/\" \/>\n<meta property=\"og:site_name\" content=\"John Hus\" \/>\n<meta property=\"article:publisher\" content=\"https:\/\/www.facebook.com\/johnhusmovie\" \/>\n<meta property=\"article:modified_time\" content=\"2023-02-03T23:12:32+00:00\" \/>\n<meta property=\"og:image\" content=\"https:\/\/johnhus.org\/content\/wp-content\/uploads\/2023\/02\/JohnHusOrg-HomePREVIEW.jpg\" \/>\n\t<meta property=\"og:image:width\" content=\"1200\" \/>\n\t<meta property=\"og:image:height\" content=\"675\" \/>\n\t<meta property=\"og:image:type\" content=\"image\/jpeg\" \/>\n<meta name=\"twitter:card\" content=\"summary_large_image\" \/>\n<meta name=\"twitter:title\" content=\"John Hus - Apostle of Truth\" \/>\n<meta name=\"twitter:description\" content=\"Articles and documentary about early Czech reformer John Hus, who was burned at the stake in 1415 for his faith and dedication to the truth.\" \/>\n<meta name=\"twitter:image\" content=\"https:\/\/johnhus.org\/content\/wp-content\/uploads\/2023\/02\/JohnHusOrg-HomePREVIEW.jpg\" \/>\n<meta name=\"twitter:label1\" content=\"Est. reading time\" \/>\n\t<meta name=\"twitter:data1\" content=\"2 minutes\" \/>\n<script type=\"application\/ld+json\" class=\"yoast-schema-graph\">{\"@context\":\"https:\\\/\\\/schema.org\",\"@graph\":[{\"@type\":\"WebPage\",\"@id\":\"https:\\\/\\\/johnhus.org\\\/content\\\/\",\"url\":\"https:\\\/\\\/johnhus.org\\\/content\\\/\",\"name\":\"Home Page - John Hus\",\"isPartOf\":{\"@id\":\"https:\\\/\\\/johnhus.org\\\/content\\\/#website\"},\"datePublished\":\"2023-01-29T19:08:53+00:00\",\"dateModified\":\"2023-02-03T23:12:32+00:00\",\"description\":\"Learn about John Hus, the early reformer who became a martyr for his faith. Informative articles and documentary\",\"breadcrumb\":{\"@id\":\"https:\\\/\\\/johnhus.org\\\/content\\\/#breadcrumb\"},\"inLanguage\":\"en-US\",\"potentialAction\":[{\"@type\":\"ReadAction\",\"target\":[\"https:\\\/\\\/johnhus.org\\\/content\\\/\"]}]},{\"@type\":\"BreadcrumbList\",\"@id\":\"https:\\\/\\\/johnhus.org\\\/content\\\/#breadcrumb\",\"itemListElement\":[{\"@type\":\"ListItem\",\"position\":1,\"name\":\"Home\",\"item\":\"https:\\\/\\\/johnhus.org\\\/content\\\/\"},{\"@type\":\"ListItem\",\"position\":2,\"name\":\"Home Page\"}]},{\"@type\":\"WebSite\",\"@id\":\"https:\\\/\\\/johnhus.org\\\/content\\\/#website\",\"url\":\"https:\\\/\\\/johnhus.org\\\/content\\\/\",\"name\":\"John Hus\",\"description\":\"Apostle of Truth\",\"publisher\":{\"@id\":\"https:\\\/\\\/johnhus.org\\\/content\\\/#organization\"},\"potentialAction\":[{\"@type\":\"SearchAction\",\"target\":{\"@type\":\"EntryPoint\",\"urlTemplate\":\"https:\\\/\\\/johnhus.org\\\/content\\\/?s={search_term_string}\"},\"query-input\":{\"@type\":\"PropertyValueSpecification\",\"valueRequired\":true,\"valueName\":\"search_term_string\"}}],\"inLanguage\":\"en-US\"},{\"@type\":\"Organization\",\"@id\":\"https:\\\/\\\/johnhus.org\\\/content\\\/#organization\",\"name\":\"Comenius Foundation\",\"url\":\"https:\\\/\\\/johnhus.org\\\/content\\\/\",\"logo\":{\"@type\":\"ImageObject\",\"inLanguage\":\"en-US\",\"@id\":\"https:\\\/\\\/johnhus.org\\\/content\\\/#\\\/schema\\\/logo\\\/image\\\/\",\"url\":\"https:\\\/\\\/johnhus.org\\\/content\\\/wp-content\\\/uploads\\\/2023\\\/01\\\/Jan_Hus-LOGO.png\",\"contentUrl\":\"https:\\\/\\\/johnhus.org\\\/content\\\/wp-content\\\/uploads\\\/2023\\\/01\\\/Jan_Hus-LOGO.png\",\"width\":255,\"height\":67,\"caption\":\"Comenius Foundation\"},\"image\":{\"@id\":\"https:\\\/\\\/johnhus.org\\\/content\\\/#\\\/schema\\\/logo\\\/image\\\/\"},\"sameAs\":[\"https:\\\/\\\/www.facebook.com\\\/johnhusmovie\"]}]}<\/script>\n<!-- \/ Yoast SEO plugin. -->","yoast_head_json":{"title":"Home Page - John Hus","description":"Learn about John Hus, the early reformer who became a martyr for his faith. Informative articles and documentary","robots":{"index":"index","follow":"follow","max-snippet":"max-snippet:-1","max-image-preview":"max-image-preview:large","max-video-preview":"max-video-preview:-1"},"canonical":"https:\/\/johnhus.org\/content\/","og_locale":"en_US","og_type":"article","og_title":"John Hus - Apostle of Truth","og_description":"Articles and documentary about early Czech reformer John Hus, who was burned at the stake in 1415 for his faith and dedication to the truth.","og_url":"https:\/\/johnhus.org\/content\/","og_site_name":"John Hus","article_publisher":"https:\/\/www.facebook.com\/johnhusmovie","article_modified_time":"2023-02-03T23:12:32+00:00","og_image":[{"width":1200,"height":675,"url":"https:\/\/johnhus.org\/content\/wp-content\/uploads\/2023\/02\/JohnHusOrg-HomePREVIEW.jpg","type":"image\/jpeg"}],"twitter_card":"summary_large_image","twitter_title":"John Hus - Apostle of Truth","twitter_description":"Articles and documentary about early Czech reformer John Hus, who was burned at the stake in 1415 for his faith and dedication to the truth.","twitter_image":"https:\/\/johnhus.org\/content\/wp-content\/uploads\/2023\/02\/JohnHusOrg-HomePREVIEW.jpg","twitter_misc":{"Est. reading time":"2 minutes"},"schema":{"@context":"https:\/\/schema.org","@graph":[{"@type":"WebPage","@id":"https:\/\/johnhus.org\/content\/","url":"https:\/\/johnhus.org\/content\/","name":"Home Page - John Hus","isPartOf":{"@id":"https:\/\/johnhus.org\/content\/#website"},"datePublished":"2023-01-29T19:08:53+00:00","dateModified":"2023-02-03T23:12:32+00:00","description":"Learn about John Hus, the early reformer who became a martyr for his faith. Informative articles and documentary","breadcrumb":{"@id":"https:\/\/johnhus.org\/content\/#breadcrumb"},"inLanguage":"en-US","potentialAction":[{"@type":"ReadAction","target":["https:\/\/johnhus.org\/content\/"]}]},{"@type":"BreadcrumbList","@id":"https:\/\/johnhus.org\/content\/#breadcrumb","itemListElement":[{"@type":"ListItem","position":1,"name":"Home","item":"https:\/\/johnhus.org\/content\/"},{"@type":"ListItem","position":2,"name":"Home Page"}]},{"@type":"WebSite","@id":"https:\/\/johnhus.org\/content\/#website","url":"https:\/\/johnhus.org\/content\/","name":"John Hus","description":"Apostle of Truth","publisher":{"@id":"https:\/\/johnhus.org\/content\/#organization"},"potentialAction":[{"@type":"SearchAction","target":{"@type":"EntryPoint","urlTemplate":"https:\/\/johnhus.org\/content\/?s={search_term_string}"},"query-input":{"@type":"PropertyValueSpecification","valueRequired":true,"valueName":"search_term_string"}}],"inLanguage":"en-US"},{"@type":"Organization","@id":"https:\/\/johnhus.org\/content\/#organization","name":"Comenius Foundation","url":"https:\/\/johnhus.org\/content\/","logo":{"@type":"ImageObject","inLanguage":"en-US","@id":"https:\/\/johnhus.org\/content\/#\/schema\/logo\/image\/","url":"https:\/\/johnhus.org\/content\/wp-content\/uploads\/2023\/01\/Jan_Hus-LOGO.png","contentUrl":"https:\/\/johnhus.org\/content\/wp-content\/uploads\/2023\/01\/Jan_Hus-LOGO.png","width":255,"height":67,"caption":"Comenius Foundation"},"image":{"@id":"https:\/\/johnhus.org\/content\/#\/schema\/logo\/image\/"},"sameAs":["https:\/\/www.facebook.com\/johnhusmovie"]}]}},"_links":{"self":[{"href":"https:\/\/johnhus.org\/content\/wp-json\/wp\/v2\/pages\/13","targetHints":{"allow":["GET"]}}],"collection":[{"href":"https:\/\/johnhus.org\/content\/wp-json\/wp\/v2\/pages"}],"about":[{"href":"https:\/\/johnhus.org\/content\/wp-json\/wp\/v2\/types\/page"}],"author":[{"embeddable":true,"href":"https:\/\/johnhus.org\/content\/wp-json\/wp\/v2\/users\/1"}],"replies":[{"embeddable":true,"href":"https:\/\/johnhus.org\/content\/wp-json\/wp\/v2\/comments?post=13"}],"version-history":[{"count":21,"href":"https:\/\/johnhus.org\/content\/wp-json\/wp\/v2\/pages\/13\/revisions"}],"predecessor-version":[{"id":262,"href":"https:\/\/johnhus.org\/content\/wp-json\/wp\/v2\/pages\/13\/revisions\/262"}],"wp:attachment":[{"href":"https:\/\/johnhus.org\/content\/wp-json\/wp\/v2\/media?parent=13"}],"curies":[{"name":"wp","href":"https:\/\/api.w.org\/{rel}","templated":true}]}}